{"id":37,"date":"2022-12-19T02:32:04","date_gmt":"2022-12-19T02:32:04","guid":{"rendered":"https:\/\/gaviaspreview.com\/wp\/constix\/?page_id=37"},"modified":"2024-07-25T18:17:29","modified_gmt":"2024-07-25T15:17:29","slug":"satisi-devam-eden-projeler","status":"publish","type":"page","link":"https:\/\/selimkusmez.com\/ipek2024\/satisi-devam-eden-projeler\/","title":{"rendered":"Sat\u0131\u015f\u0131 Devam Eden Projeler"},"content":{"rendered":"\t\t<div data-elementor-type=\"wp-page\" data-elementor-id=\"37\" class=\"elementor elementor-37\">\n\t\t\t\t\t\t<section class=\"elementor-section elementor-top-section elementor-element elementor-element-67152ff elementor-section-boxed elementor-section-height-default elementor-section-height-default\" data-id=\"67152ff\" data-element_type=\"section\" data-settings=\"{&quot;background_background&quot;:&quot;slideshow&quot;,&quot;background_slideshow_gallery&quot;:[{&quot;id&quot;:178,&quot;url&quot;:&quot;https:\\\/\\\/selimkusmez.com\\\/ipek2024\\\/wp-content\\\/uploads\\\/2023\\\/01\\\/breadcrumb-02.jpg&quot;},{&quot;id&quot;:177,&quot;url&quot;:&quot;https:\\\/\\\/selimkusmez.com\\\/ipek2024\\\/wp-content\\\/uploads\\\/2023\\\/01\\\/breadcrumb-01.jpg&quot;}],&quot;background_slideshow_ken_burns&quot;:&quot;yes&quot;,&quot;background_slideshow_loop&quot;:&quot;yes&quot;,&quot;background_slideshow_slide_duration&quot;:5000,&quot;background_slideshow_slide_transition&quot;:&quot;fade&quot;,&quot;background_slideshow_transition_duration&quot;:500,&quot;background_slideshow_ken_burns_zoom_direction&quot;:&quot;in&quot;}\">\n\t\t\t\t\t\t\t<div class=\"elementor-background-overlay\"><\/div>\n\t\t\t\t\t\t\t<div class=\"elementor-container elementor-column-gap-default\">\n\t\t\t\t\t<div class=\"elementor-column elementor-col-100 elementor-top-column elementor-element elementor-element-108d99c\" data-id=\"108d99c\" data-element_type=\"column\">\n\t\t\t<div class=\"elementor-widget-wrap elementor-element-populated\">\n\t\t\t\t\t\t<div class=\"elementor-element elementor-element-07bec2e elementor-widget elementor-widget-gva-heading-block\" data-id=\"07bec2e\" data-element_type=\"widget\" data-widget_type=\"gva-heading-block.default\">\n\t\t\t\t<div class=\"elementor-widget-container\">\n\t\t\t\t\t<div class=\"gva-element-gva-heading-block gva-element\">   <div class=\"align-left style-1 widget gsc-heading box-align-left auto-responsive\">\r\n      <div class=\"content-inner\">\r\n         \r\n                  \r\n            \r\n         \r\n                     <h2 class=\"title\">\r\n               <span>Sat\u0131\u015f\u0131 Devam Eden Projeler<\/span>\r\n            <\/h2>\r\n                  \r\n         \r\n         \r\n      <\/div>\r\n   <\/div>\r\n<\/div>\t\t\t\t<\/div>\n\t\t\t\t<\/div>\n\t\t\t\t\t<\/div>\n\t\t<\/div>\n\t\t\t\t\t<\/div>\n\t\t<\/section>\n\t\t\t\t<section class=\"elementor-section elementor-top-section elementor-element elementor-element-fff5fb2 elementor-section-full_width elementor-section-height-default elementor-section-height-default\" data-id=\"fff5fb2\" data-element_type=\"section\">\n\t\t\t\t\t\t<div class=\"elementor-container elementor-column-gap-default\">\n\t\t\t\t\t<div class=\"elementor-column elementor-col-33 elementor-top-column elementor-element elementor-element-20848c5\" data-id=\"20848c5\" data-element_type=\"column\">\n\t\t\t<div class=\"elementor-widget-wrap elementor-element-populated\">\n\t\t\t\t\t\t<div class=\"elementor-element elementor-element-58df508 elementor-widget elementor-widget-shortcode\" data-id=\"58df508\" data-element_type=\"widget\" data-widget_type=\"shortcode.default\">\n\t\t\t\t<div class=\"elementor-widget-container\">\n\t\t\t\t\t\t\t<div class=\"elementor-shortcode\"><a href=\"https:\/\/selimkusmez.com\/ipek2024\/satisi-devam-eden-projeler\/ozkaya-park-evleri\/\" target=\"_self\"><img decoding=\"async\" src=\"https:\/\/selimkusmez.com\/ipek2024\/wp-content\/uploads\/2024\/07\/ozkaya-park-logo.jpg\" alt=\"\" onmouseover=\"this.src='https:\/\/selimkusmez.com\/ipek2024\/wp-content\/uploads\/2024\/07\/ozkaya-park-evleri01.jpg';\" onmouseout=\"this.src='https:\/\/selimkusmez.com\/ipek2024\/wp-content\/uploads\/2024\/07\/ozkaya-park-logo.jpg';\" \/><\/a><\/div>\n\t\t\t\t\t\t<\/div>\n\t\t\t\t<\/div>\n\t\t\t\t\t<\/div>\n\t\t<\/div>\n\t\t\t\t<div class=\"elementor-column elementor-col-33 elementor-top-column elementor-element elementor-element-bfd0467\" data-id=\"bfd0467\" data-element_type=\"column\">\n\t\t\t<div class=\"elementor-widget-wrap elementor-element-populated\">\n\t\t\t\t\t\t<div class=\"elementor-element elementor-element-c486999 elementor-widget elementor-widget-shortcode\" data-id=\"c486999\" data-element_type=\"widget\" data-widget_type=\"shortcode.default\">\n\t\t\t\t<div class=\"elementor-widget-container\">\n\t\t\t\t\t\t\t<div class=\"elementor-shortcode\"><a href=\"https:\/\/selimkusmez.com\/ipek2024\/satisi-devam-eden-projeler\/mercan-park-evleri\/\" target=\"_self\"><img decoding=\"async\" src=\"https:\/\/selimkusmez.com\/ipek2024\/wp-content\/uploads\/2024\/07\/mercanpark-kayapa.jpg\" alt=\"\" onmouseover=\"this.src='https:\/\/selimkusmez.com\/ipek2024\/wp-content\/uploads\/2024\/07\/mercan-park-evleri01.jpg';\" onmouseout=\"this.src='https:\/\/selimkusmez.com\/ipek2024\/wp-content\/uploads\/2024\/07\/mercanpark-kayapa.jpg';\" \/><\/a><\/div>\n\t\t\t\t\t\t<\/div>\n\t\t\t\t<\/div>\n\t\t\t\t\t<\/div>\n\t\t<\/div>\n\t\t\t\t<div class=\"elementor-column elementor-col-33 elementor-top-column elementor-element elementor-element-6bd8d8f\" data-id=\"6bd8d8f\" data-element_type=\"column\">\n\t\t\t<div class=\"elementor-widget-wrap elementor-element-populated\">\n\t\t\t\t\t\t<div class=\"elementor-element elementor-element-344e190 elementor-widget elementor-widget-shortcode\" data-id=\"344e190\" data-element_type=\"widget\" data-widget_type=\"shortcode.default\">\n\t\t\t\t<div class=\"elementor-widget-container\">\n\t\t\t\t\t\t\t<div class=\"elementor-shortcode\"><a href=\"https:\/\/selimkusmez.com\/ipek2024\/satisi-devam-eden-projeler\/cinar-park-evleri\/\" target=\"_self\"><img decoding=\"async\" src=\"https:\/\/selimkusmez.com\/ipek2024\/wp-content\/uploads\/2024\/07\/cinarpark-balkan-logo.jpg\" alt=\"\" onmouseover=\"this.src='https:\/\/selimkusmez.com\/ipek2024\/wp-content\/uploads\/2024\/07\/cinar-park-evleri01.jpg';\" onmouseout=\"this.src='https:\/\/selimkusmez.com\/ipek2024\/wp-content\/uploads\/2024\/07\/cinarpark-balkan-logo.jpg';\" \/><\/a><\/div>\n\t\t\t\t\t\t<\/div>\n\t\t\t\t<\/div>\n\t\t\t\t\t<\/div>\n\t\t<\/div>\n\t\t\t\t\t<\/div>\n\t\t<\/section>\n\t\t\t\t<section class=\"elementor-section elementor-top-section elementor-element elementor-element-c6640ea elementor-section-boxed elementor-section-height-default elementor-section-height-default\" data-id=\"c6640ea\" data-element_type=\"section\">\n\t\t\t\t\t\t<div class=\"elementor-container elementor-column-gap-default\">\n\t\t\t\t\t<div class=\"elementor-column elementor-col-50 elementor-top-column elementor-element elementor-element-e0f5378\" data-id=\"e0f5378\" data-element_type=\"column\" data-settings=\"{&quot;background_background&quot;:&quot;classic&quot;}\">\n\t\t\t<div class=\"elementor-widget-wrap elementor-element-populated\">\n\t\t\t\t\t\t<div class=\"elementor-element elementor-element-c609c09 elementor-widget elementor-widget-spacer\" data-id=\"c609c09\" data-element_type=\"widget\" data-widget_type=\"spacer.default\">\n\t\t\t\t<div class=\"elementor-widget-container\">\n\t\t\t\t\t\t\t<div class=\"elementor-spacer\">\n\t\t\t<div class=\"elementor-spacer-inner\"><\/div>\n\t\t<\/div>\n\t\t\t\t\t\t<\/div>\n\t\t\t\t<\/div>\n\t\t\t\t\t<\/div>\n\t\t<\/div>\n\t\t\t\t<div class=\"elementor-column elementor-col-50 elementor-top-column elementor-element elementor-element-919ea17\" data-id=\"919ea17\" data-element_type=\"column\" data-settings=\"{&quot;background_background&quot;:&quot;classic&quot;}\">\n\t\t\t<div class=\"elementor-widget-wrap elementor-element-populated\">\n\t\t\t\t\t<div class=\"elementor-background-overlay\"><\/div>\n\t\t\t\t\t\t<div class=\"elementor-element elementor-element-6bcafc7 elementor-widget elementor-widget-heading\" data-id=\"6bcafc7\" data-element_type=\"widget\" data-widget_type=\"heading.default\">\n\t\t\t\t<div class=\"elementor-widget-container\">\n\t\t\t\t\t<h2 class=\"elementor-heading-title elementor-size-default\">%50 Pe\u015finat , %50 36 Ay  Taksit 0 Faiz ile<\/h2>\t\t\t\t<\/div>\n\t\t\t\t<\/div>\n\t\t\t\t<div class=\"elementor-element elementor-element-dc73997 elementor-widget elementor-widget-text-editor\" data-id=\"dc73997\" data-element_type=\"widget\" data-widget_type=\"text-editor.default\">\n\t\t\t\t<div class=\"elementor-widget-container\">\n\t\t\t\t\t\t\t\t\t<p>Bu kampanya kapsam\u0131nda, konut bedelinin %50&#8217;sini pe\u015fin \u00f6demeniz halinde kalan %50&#8217;lik k\u0131sm\u0131 36 ay boyunca faizsiz taksitlerle \u00f6deme imk\u00e2n\u0131 sunulmaktad\u0131r. Bu f\u0131rsattan yararlanarak uygun \u00f6deme ko\u015fullar\u0131yla ev sahibi olabilirsiniz.<\/p>\t\t\t\t\t\t\t\t<\/div>\n\t\t\t\t<\/div>\n\t\t\t\t<div class=\"elementor-element elementor-element-ba27150 elementor-icon-list--layout-traditional elementor-list-item-link-full_width elementor-widget elementor-widget-icon-list\" data-id=\"ba27150\" data-element_type=\"widget\" data-widget_type=\"icon-list.default\">\n\t\t\t\t<div class=\"elementor-widget-container\">\n\t\t\t\t\t\t\t<ul class=\"elementor-icon-list-items\">\n\t\t\t\t\t\t\t<li class=\"elementor-icon-list-item\">\n\t\t\t\t\t\t\t\t\t\t\t<span class=\"elementor-icon-list-icon\">\n\t\t\t\t\t\t\t<i aria-hidden=\"true\" class=\"fas fa-check-circle\"><\/i>\t\t\t\t\t\t<\/span>\n\t\t\t\t\t\t\t\t\t\t<span class=\"elementor-icon-list-text\">Tapu haz\u0131r<\/span>\n\t\t\t\t\t\t\t\t\t<\/li>\n\t\t\t\t\t\t\t\t<li class=\"elementor-icon-list-item\">\n\t\t\t\t\t\t\t\t\t\t\t<span class=\"elementor-icon-list-icon\">\n\t\t\t\t\t\t\t<i aria-hidden=\"true\" class=\"fas fa-check-circle\"><\/i>\t\t\t\t\t\t<\/span>\n\t\t\t\t\t\t\t\t\t\t<span class=\"elementor-icon-list-text\">Bug\u00fcn al yar\u0131n ta\u015f\u0131n<\/span>\n\t\t\t\t\t\t\t\t\t<\/li>\n\t\t\t\t\t\t\t\t<li class=\"elementor-icon-list-item\">\n\t\t\t\t\t\t\t\t\t\t\t<span class=\"elementor-icon-list-icon\">\n\t\t\t\t\t\t\t<i aria-hidden=\"true\" class=\"fas fa-check-circle\"><\/i>\t\t\t\t\t\t<\/span>\n\t\t\t\t\t\t\t\t\t\t<span class=\"elementor-icon-list-text\">2025 Aral\u0131k ay\u0131 teslim projeler<\/span>\n\t\t\t\t\t\t\t\t\t<\/li>\n\t\t\t\t\t\t<\/ul>\n\t\t\t\t\t\t<\/div>\n\t\t\t\t<\/div>\n\t\t\t\t\t<\/div>\n\t\t<\/div>\n\t\t\t\t\t<\/div>\n\t\t<\/section>\n\t\t\t\t<\/div>\n\t\t","protected":false},"excerpt":{"rendered":"<p>Sat\u0131\u015f\u0131 Devam Eden Projeler %50 Pe\u015finat , %50 36 Ay Taksit 0 Faiz ile Bu kampanya kapsam\u0131nda, konut bedelinin %50&#8217;sini pe\u015fin \u00f6demeniz halinde kalan %50&#8217;lik k\u0131sm\u0131 36 ay boyunca faizsiz [&hellip;]<\/p>\n","protected":false},"author":1,"featured_media":0,"parent":0,"menu_order":0,"comment_status":"closed","ping_status":"closed","template":"","meta":{"footnotes":""},"class_list":["post-37","page","type-page","status-publish","hentry"],"_links":{"self":[{"href":"https:\/\/selimkusmez.com\/ipek2024\/wp-json\/wp\/v2\/pages\/37","targetHints":{"allow":["GET"]}}],"collection":[{"href":"https:\/\/selimkusmez.com\/ipek2024\/wp-json\/wp\/v2\/pages"}],"about":[{"href":"https:\/\/selimkusmez.com\/ipek2024\/wp-json\/wp\/v2\/types\/page"}],"author":[{"embeddable":true,"href":"https:\/\/selimkusmez.com\/ipek2024\/wp-json\/wp\/v2\/users\/1"}],"replies":[{"embeddable":true,"href":"https:\/\/selimkusmez.com\/ipek2024\/wp-json\/wp\/v2\/comments?post=37"}],"version-history":[{"count":77,"href":"https:\/\/selimkusmez.com\/ipek2024\/wp-json\/wp\/v2\/pages\/37\/revisions"}],"predecessor-version":[{"id":1656,"href":"https:\/\/selimkusmez.com\/ipek2024\/wp-json\/wp\/v2\/pages\/37\/revisions\/1656"}],"wp:attachment":[{"href":"https:\/\/selimkusmez.com\/ipek2024\/wp-json\/wp\/v2\/media?parent=37"}],"curies":[{"name":"wp","href":"https:\/\/api.w.org\/{rel}","templated":true}]}}