{"id":23,"date":"2022-12-19T02:29:04","date_gmt":"2022-12-19T02:29:04","guid":{"rendered":"https:\/\/gaviaspreview.com\/wp\/constix\/?page_id=23"},"modified":"2024-07-20T15:42:29","modified_gmt":"2024-07-20T12:42:29","slug":"kurumsal","status":"publish","type":"page","link":"https:\/\/selimkusmez.com\/ipek2024\/kurumsal\/","title":{"rendered":"Kurumsal"},"content":{"rendered":"\t\t<div data-elementor-type=\"wp-page\" data-elementor-id=\"23\" class=\"elementor elementor-23\">\n\t\t\t\t\t\t<section class=\"elementor-section elementor-top-section elementor-element elementor-element-ee503c8 elementor-section-boxed elementor-section-height-default elementor-section-height-default\" data-id=\"ee503c8\" data-element_type=\"section\" data-settings=\"{&quot;background_background&quot;:&quot;slideshow&quot;,&quot;background_slideshow_gallery&quot;:[{&quot;id&quot;:178,&quot;url&quot;:&quot;https:\\\/\\\/selimkusmez.com\\\/ipek2024\\\/wp-content\\\/uploads\\\/2023\\\/01\\\/breadcrumb-02.jpg&quot;},{&quot;id&quot;:177,&quot;url&quot;:&quot;https:\\\/\\\/selimkusmez.com\\\/ipek2024\\\/wp-content\\\/uploads\\\/2023\\\/01\\\/breadcrumb-01.jpg&quot;}],&quot;background_slideshow_ken_burns&quot;:&quot;yes&quot;,&quot;background_slideshow_loop&quot;:&quot;yes&quot;,&quot;background_slideshow_slide_duration&quot;:5000,&quot;background_slideshow_slide_transition&quot;:&quot;fade&quot;,&quot;background_slideshow_transition_duration&quot;:500,&quot;background_slideshow_ken_burns_zoom_direction&quot;:&quot;in&quot;}\">\n\t\t\t\t\t\t\t<div class=\"elementor-background-overlay\"><\/div>\n\t\t\t\t\t\t\t<div class=\"elementor-container elementor-column-gap-default\">\n\t\t\t\t\t<div class=\"elementor-column elementor-col-100 elementor-top-column elementor-element elementor-element-8028c45\" data-id=\"8028c45\" data-element_type=\"column\">\n\t\t\t<div class=\"elementor-widget-wrap elementor-element-populated\">\n\t\t\t\t\t\t<div class=\"elementor-element elementor-element-c65b3d7 elementor-widget elementor-widget-gva-heading-block\" data-id=\"c65b3d7\" data-element_type=\"widget\" data-widget_type=\"gva-heading-block.default\">\n\t\t\t\t<div class=\"elementor-widget-container\">\n\t\t\t\t\t<div class=\"gva-element-gva-heading-block gva-element\">   <div class=\"align-left style-1 widget gsc-heading box-align-left auto-responsive\">\r\n      <div class=\"content-inner\">\r\n         \r\n                  \r\n            \r\n         \r\n                     <h2 class=\"title\">\r\n               <span>Kurumsal<\/span>\r\n            <\/h2>\r\n                  \r\n         \r\n         \r\n      <\/div>\r\n   <\/div>\r\n<\/div>\t\t\t\t<\/div>\n\t\t\t\t<\/div>\n\t\t\t\t\t<\/div>\n\t\t<\/div>\n\t\t\t\t\t<\/div>\n\t\t<\/section>\n\t\t\t\t<section class=\"elementor-section elementor-top-section elementor-element elementor-element-3b6761e elementor-section-boxed elementor-section-height-default elementor-section-height-default\" data-id=\"3b6761e\" data-element_type=\"section\" data-settings=\"{&quot;background_background&quot;:&quot;classic&quot;}\">\n\t\t\t\t\t\t<div class=\"elementor-container elementor-column-gap-default\">\n\t\t\t\t\t<div class=\"elementor-column elementor-col-50 elementor-top-column elementor-element elementor-element-242b0c6\" data-id=\"242b0c6\" data-element_type=\"column\">\n\t\t\t<div class=\"elementor-widget-wrap elementor-element-populated\">\n\t\t\t\t\t\t<div class=\"elementor-element elementor-element-0f1a5e2 elementor-widget elementor-widget-gva-image-content\" data-id=\"0f1a5e2\" data-element_type=\"widget\" data-widget_type=\"gva-image-content.default\">\n\t\t\t\t<div class=\"elementor-widget-container\">\n\t\t\t\t\t<div class=\"gva-element-gva-image-content gva-element\">\t\t\r\n\t  \r\n\t \r\n\r\n\t \r\n\r\n\t\t\t<div class=\"about-three__single\">\r\n\t\t  \t<div class=\"about-three__image\"><div class=\"content-inner\">\t\t  <a href=\"https:\/\/gaviaspreview.com\/wp\/constix\/about\/\">\r\n\t\t\t <img decoding=\"async\" src=\"https:\/\/selimkusmez.com\/ipek2024\/wp-content\/uploads\/2024\/06\/ipekogullari-kurumsal1-1.jpg\" alt=\"\" \/>\t\t  <\/a>\r\n\t\t  <\/div><\/div><div class=\"about-three__image-second\"><div class=\"content-inner\">\t\t  <a href=\"https:\/\/gaviaspreview.com\/wp\/constix\/about\/\">\r\n\t\t\t <img decoding=\"async\" src=\"https:\/\/selimkusmez.com\/ipek2024\/wp-content\/uploads\/2024\/06\/ipekogullari-kurumsal2-1.jpg\" alt=\"\" \/>\t\t  <\/a>\r\n\t\t  <\/div><\/div>\t\t<\/div>\r\n\t\r\n\t \r\n  \r\n \r\n\r\n  \r\n \r\n\r\n <\/div>\t\t\t\t<\/div>\n\t\t\t\t<\/div>\n\t\t\t\t\t<\/div>\n\t\t<\/div>\n\t\t\t\t<div class=\"elementor-column elementor-col-50 elementor-top-column elementor-element elementor-element-83ff4d5\" data-id=\"83ff4d5\" data-element_type=\"column\">\n\t\t\t<div class=\"elementor-widget-wrap elementor-element-populated\">\n\t\t\t\t\t\t<div class=\"elementor-element elementor-element-e63e02d elementor-widget elementor-widget-gva-heading-block\" data-id=\"e63e02d\" data-element_type=\"widget\" data-settings=\"{&quot;_animation&quot;:&quot;none&quot;}\" data-widget_type=\"gva-heading-block.default\">\n\t\t\t\t<div class=\"elementor-widget-container\">\n\t\t\t\t\t<div class=\"gva-element-gva-heading-block gva-element\">   <div class=\"align-left style-1 widget gsc-heading box-align-left auto-responsive\">\r\n      <div class=\"content-inner\">\r\n         \r\n                  \r\n         <div class=\"sub-title\"><span class=\"tagline\">Hakk\u0131m\u0131zda<\/span><\/div>   \r\n         \r\n                     <h2 class=\"title\">\r\n               <span>D\u00fcnden Bug\u00fcne, Bug\u00fcnden Yar\u0131na!\n<\/span>\r\n            <\/h2>\r\n                  \r\n         \r\n         \r\n      <\/div>\r\n   <\/div>\r\n<\/div>\t\t\t\t<\/div>\n\t\t\t\t<\/div>\n\t\t\t\t<div class=\"elementor-element elementor-element-fd48b73 elementor-widget elementor-widget-text-editor\" data-id=\"fd48b73\" data-element_type=\"widget\" data-widget_type=\"text-editor.default\">\n\t\t\t\t<div class=\"elementor-widget-container\">\n\t\t\t\t\t\t\t\t\t<p>Sahip oldu\u011fumuz t\u00fcm kaynaklar\u0131 m\u00fc\u015fterilerimizin ihtiya\u00e7lar\u0131, beklentileri ve memnuniyetleri do\u011frultusunda kullanmak Projelerimizle \u015fehrin \u00e7evresel, tarihsel ve k\u00fclt\u00fcrel dokusuna uyum sa\u011flamak Y\u00f6netici kadromuz, teknik ve idari personelimiz ile \u00e7a\u011f\u0131n gereklerini yerine getirerek, hitap edilen toplum de\u011ferlerine uygun ya\u015fam alanlar\u0131 \u00fcretmek.<\/p><p>Toplumsal ya\u015fam standartlar\u0131n\u0131n iyile\u015ftirilmesine ve geli\u015ftirilmesine hizmet etmek \u0130leri teknolojiyi, do\u011fru \u00e7\u00f6z\u00fcm ortaklar\u0131n\u0131, kaliteli malzeme kullan\u0131m\u0131n\u0131, titiz mimarl\u0131k ve m\u00fchendislik hizmetlerini ayn\u0131 potada eriterek, t\u00fcm projelerimize uygulamak S\u00fcrekli \u00fcretkenlik politikam\u0131zla yeni istihdam alanlar\u0131 yaratarak, ekonomiye katk\u0131da bulunmak.<\/p><p>\u00c7arp\u0131k ve ka\u00e7ak yap\u0131la\u015fman\u0131n \u00f6n\u00fcne ge\u00e7mek i\u00e7in \u2018Kentsel D\u00f6n\u00fc\u015f\u00fcm Projeleri\u2019ne destek vermek Gerek do\u011fal afetler gerek asayi\u015f a\u00e7\u0131s\u0131ndan g\u00fcvenli ya\u015fam alanlar\u0131 in\u015fa etmek i\u00e7in var g\u00fcc\u00fcm\u00fczle \u00e7al\u0131\u015fmaya devam ediyoruz.<\/p><p>\u0130peko\u011fullari Gayrimenkul Yat\u0131r\u0131m A.\u015e<\/p>\t\t\t\t\t\t\t\t<\/div>\n\t\t\t\t<\/div>\n\t\t\t\t\t<\/div>\n\t\t<\/div>\n\t\t\t\t\t<\/div>\n\t\t<\/section>\n\t\t\t\t<section class=\"elementor-section elementor-top-section elementor-element elementor-element-7be7d48 elementor-section-boxed elementor-section-height-default elementor-section-height-default\" data-id=\"7be7d48\" data-element_type=\"section\">\n\t\t\t\t\t\t<div class=\"elementor-container elementor-column-gap-default\">\n\t\t\t\t\t<div class=\"elementor-column elementor-col-100 elementor-top-column elementor-element elementor-element-29cc2ae\" data-id=\"29cc2ae\" data-element_type=\"column\">\n\t\t\t<div class=\"elementor-widget-wrap elementor-element-populated\">\n\t\t\t\t\t\t<div class=\"elementor-element elementor-element-3c337a1 elementor-widget elementor-widget-video\" data-id=\"3c337a1\" data-element_type=\"widget\" data-settings=\"{&quot;youtube_url&quot;:&quot;https:\\\/\\\/www.youtube.com\\\/watch?v=XYJlTYt__ZE&quot;,&quot;video_type&quot;:&quot;youtube&quot;,&quot;controls&quot;:&quot;yes&quot;}\" data-widget_type=\"video.default\">\n\t\t\t\t<div class=\"elementor-widget-container\">\n\t\t\t\t\t\t\t<div class=\"elementor-wrapper elementor-open-inline\">\n\t\t\t<div class=\"elementor-video\"><\/div>\t\t<\/div>\n\t\t\t\t\t\t<\/div>\n\t\t\t\t<\/div>\n\t\t\t\t\t<\/div>\n\t\t<\/div>\n\t\t\t\t\t<\/div>\n\t\t<\/section>\n\t\t\t\t<section class=\"elementor-section elementor-top-section elementor-element elementor-element-73fdb4c elementor-section-boxed elementor-section-height-default elementor-section-height-default\" data-id=\"73fdb4c\" data-element_type=\"section\" data-settings=\"{&quot;background_background&quot;:&quot;classic&quot;}\">\n\t\t\t\t\t\t<div class=\"elementor-container elementor-column-gap-default\">\n\t\t\t\t\t<div class=\"elementor-column elementor-col-100 elementor-top-column elementor-element elementor-element-27bafe4\" data-id=\"27bafe4\" data-element_type=\"column\">\n\t\t\t<div class=\"elementor-widget-wrap elementor-element-populated\">\n\t\t\t\t\t\t<div class=\"elementor-element elementor-element-41738f3 elementor-widget elementor-widget-gva-heading-block\" data-id=\"41738f3\" data-element_type=\"widget\" data-widget_type=\"gva-heading-block.default\">\n\t\t\t\t<div class=\"elementor-widget-container\">\n\t\t\t\t\t<div class=\"gva-element-gva-heading-block gva-element\">   <div class=\"align-center style-1 widget gsc-heading box-align-left auto-responsive\">\r\n      <div class=\"content-inner\">\r\n         \r\n                  \r\n            \r\n         \r\n                     <h2 class=\"title\">\r\n               <span>Yap\u0131n\u0131zdaki Engelleri A\u015fman\u0131n En \u0130yi Yolu...<\/span>\r\n            <\/h2>\r\n                  \r\n         \r\n         \r\n      <\/div>\r\n   <\/div>\r\n<\/div>\t\t\t\t<\/div>\n\t\t\t\t<\/div>\n\t\t\t\t<div class=\"elementor-element elementor-element-d935b48 elementor-widget elementor-widget-gva-content-carousel\" data-id=\"d935b48\" data-element_type=\"widget\" data-widget_type=\"gva-content-carousel.default\">\n\t\t\t\t<div class=\"elementor-widget-container\">\n\t\t\t\t\t<div class=\"gva-element-gva-content-carousel gva-element\">\r\n\r\n\r\n   <div class=\"gsc-content-carousel swiper-slider-wrapper style-2\">\r\n      <div class=\"swiper-content-inner\">\r\n         <div class=\"sliders-wrap\">\r\n            <div class=\"quote-slider-wrapper\">\r\n               <div class=\"swiper swiper-container quote-slider\">\r\n                  <div class=\"swiper-wrapper\">\r\n                                             <div class=\"swiper-slide\">\r\n                           <div class=\"item-content\">\r\n                              <div class=\"quote-text-wrap\">\r\n                                 <div class=\"desc\"><h4 class=\"name\">Misyonumuz<\/h4>\n<div>Sekt\u00f6r\u00fcnde \u00f6rnek al\u0131nan, lider \u015firket olmak.<\/div>\n<h4 class=\"name\">Vizyonumuz<\/h4>\n<div>\u0130n\u015faat sekt\u00f6r\u00fcnde; g\u00fcvenilirli\u011fi, \u00fcr\u00fcn yelpazesi, hizmet kalitesi ve rekabet\u00e7i konumu ile tercih edilen, sekt\u00f6r\u00fcn \u00f6nde gelen b\u00fcy\u00fck \u00f6l\u00e7ekte faal bir \u015firket olmak.<\/div><\/div>                              <\/div>   \r\n                           <\/div>\r\n                        <\/div>\r\n                                       <\/div>\r\n               <\/div>\r\n\r\n            <\/div>   \r\n\r\n            <div class=\"image-slider-wrapper\">\r\n               <div class=\"swiper swiper-container image-slider\">\r\n                  <div class=\"swiper-wrapper\">\r\n                                             <div class=\"swiper-slide\">\r\n                           <div class=\"swiper-slide-inner\" data-swiper-parallax=\"50%\">\r\n                              <div class=\"image-content\">\r\n                                                                     <img decoding=\"async\" class=\"swiper-lazy\" src=\"https:\/\/selimkusmez.com\/ipek2024\/wp-content\/uploads\/2024\/06\/ipekogullari-kurumsal3.jpg\" alt=\"2024\"\/>\r\n                                                               <\/div>   \r\n                           <\/div>\r\n                        <\/div>\r\n                                       <\/div>\r\n               <\/div>\r\n               <div class=\"content_carousel__nav\">\r\n                  <div class=\"content_carousel__nav-next swiper-nav-prev\"><\/div>\r\n                  <div class=\"content_carousel__nav-prev swiper-nav-next\"><\/div>\r\n               <\/div>\r\n            <\/div> \r\n         <\/div>   \r\n\r\n         <div class=\"swiper-pagination content_carousel_pagination\"><\/div>\r\n      <\/div>   \r\n   <\/div>\r\n\r\n<\/div>\t\t\t\t<\/div>\n\t\t\t\t<\/div>\n\t\t\t\t\t<\/div>\n\t\t<\/div>\n\t\t\t\t\t<\/div>\n\t\t<\/section>\n\t\t\t\t<\/div>\n\t\t","protected":false},"excerpt":{"rendered":"<p>Kurumsal Hakk\u0131m\u0131zda D\u00fcnden Bug\u00fcne, Bug\u00fcnden Yar\u0131na! Sahip oldu\u011fumuz t\u00fcm kaynaklar\u0131 m\u00fc\u015fterilerimizin ihtiya\u00e7lar\u0131, beklentileri ve memnuniyetleri do\u011frultusunda kullanmak Projelerimizle \u015fehrin \u00e7evresel, tarihsel ve k\u00fclt\u00fcrel dokusuna uyum sa\u011flamak Y\u00f6netici kadromuz, teknik ve [&hellip;]<\/p>\n","protected":false},"author":1,"featured_media":0,"parent":0,"menu_order":0,"comment_status":"closed","ping_status":"closed","template":"","meta":{"footnotes":""},"class_list":["post-23","page","type-page","status-publish","hentry"],"_links":{"self":[{"href":"https:\/\/selimkusmez.com\/ipek2024\/wp-json\/wp\/v2\/pages\/23","targetHints":{"allow":["GET"]}}],"collection":[{"href":"https:\/\/selimkusmez.com\/ipek2024\/wp-json\/wp\/v2\/pages"}],"about":[{"href":"https:\/\/selimkusmez.com\/ipek2024\/wp-json\/wp\/v2\/types\/page"}],"author":[{"embeddable":true,"href":"https:\/\/selimkusmez.com\/ipek2024\/wp-json\/wp\/v2\/users\/1"}],"replies":[{"embeddable":true,"href":"https:\/\/selimkusmez.com\/ipek2024\/wp-json\/wp\/v2\/comments?post=23"}],"version-history":[{"count":64,"href":"https:\/\/selimkusmez.com\/ipek2024\/wp-json\/wp\/v2\/pages\/23\/revisions"}],"predecessor-version":[{"id":1506,"href":"https:\/\/selimkusmez.com\/ipek2024\/wp-json\/wp\/v2\/pages\/23\/revisions\/1506"}],"wp:attachment":[{"href":"https:\/\/selimkusmez.com\/ipek2024\/wp-json\/wp\/v2\/media?parent=23"}],"curies":[{"name":"wp","href":"https:\/\/api.w.org\/{rel}","templated":true}]}}