{"id":1351,"date":"2024-06-22T14:54:41","date_gmt":"2024-06-22T11:54:41","guid":{"rendered":"https:\/\/selimkusmez.com\/ipek2024\/?page_id=1351"},"modified":"2024-07-25T18:45:41","modified_gmt":"2024-07-25T15:45:41","slug":"melisa-park-evleri","status":"publish","type":"page","link":"https:\/\/selimkusmez.com\/ipek2024\/satisi-tamamlanan-projeler\/melisa-park-evleri\/","title":{"rendered":"Melisa Park Evleri"},"content":{"rendered":"\t\t<div data-elementor-type=\"wp-page\" data-elementor-id=\"1351\" class=\"elementor elementor-1351\">\n\t\t\t\t\t\t<section class=\"elementor-section elementor-top-section elementor-element elementor-element-4703e6d elementor-section-boxed elementor-section-height-default elementor-section-height-default\" data-id=\"4703e6d\" data-element_type=\"section\" data-settings=\"{&quot;background_background&quot;:&quot;slideshow&quot;,&quot;background_slideshow_gallery&quot;:[{&quot;id&quot;:178,&quot;url&quot;:&quot;https:\\\/\\\/selimkusmez.com\\\/ipek2024\\\/wp-content\\\/uploads\\\/2023\\\/01\\\/breadcrumb-02.jpg&quot;},{&quot;id&quot;:177,&quot;url&quot;:&quot;https:\\\/\\\/selimkusmez.com\\\/ipek2024\\\/wp-content\\\/uploads\\\/2023\\\/01\\\/breadcrumb-01.jpg&quot;}],&quot;background_slideshow_ken_burns&quot;:&quot;yes&quot;,&quot;background_slideshow_loop&quot;:&quot;yes&quot;,&quot;background_slideshow_slide_duration&quot;:5000,&quot;background_slideshow_slide_transition&quot;:&quot;fade&quot;,&quot;background_slideshow_transition_duration&quot;:500,&quot;background_slideshow_ken_burns_zoom_direction&quot;:&quot;in&quot;}\">\n\t\t\t\t\t\t\t<div class=\"elementor-background-overlay\"><\/div>\n\t\t\t\t\t\t\t<div class=\"elementor-container elementor-column-gap-default\">\n\t\t\t\t\t<div class=\"elementor-column elementor-col-100 elementor-top-column elementor-element elementor-element-015c253\" data-id=\"015c253\" data-element_type=\"column\">\n\t\t\t<div class=\"elementor-widget-wrap elementor-element-populated\">\n\t\t\t\t\t\t<div class=\"elementor-element elementor-element-f5054e1 elementor-widget elementor-widget-gva-heading-block\" data-id=\"f5054e1\" data-element_type=\"widget\" data-widget_type=\"gva-heading-block.default\">\n\t\t\t\t<div class=\"elementor-widget-container\">\n\t\t\t\t\t<div class=\"gva-element-gva-heading-block gva-element\">   <div class=\"align-left style-1 widget gsc-heading box-align-left auto-responsive\">\r\n      <div class=\"content-inner\">\r\n         \r\n                  \r\n            \r\n         \r\n                     <h2 class=\"title\">\r\n               <span>Melisa Park Evleri<\/span>\r\n            <\/h2>\r\n                  \r\n                     <div class=\"title-desc\">Sat\u0131\u015f\u0131 Tamamlanan Proje<\/div>\r\n         \r\n         \r\n      <\/div>\r\n   <\/div>\r\n<\/div>\t\t\t\t<\/div>\n\t\t\t\t<\/div>\n\t\t\t\t\t<\/div>\n\t\t<\/div>\n\t\t\t\t\t<\/div>\n\t\t<\/section>\n\t\t\t\t<section class=\"elementor-section elementor-top-section elementor-element elementor-element-d0d5d53 elementor-section-boxed elementor-section-height-default elementor-section-height-default\" data-id=\"d0d5d53\" data-element_type=\"section\">\n\t\t\t\t\t\t<div class=\"elementor-container elementor-column-gap-default\">\n\t\t\t\t\t<div class=\"elementor-column elementor-col-50 elementor-top-column elementor-element elementor-element-087fda3\" data-id=\"087fda3\" data-element_type=\"column\" data-settings=\"{&quot;background_background&quot;:&quot;classic&quot;}\">\n\t\t\t<div class=\"elementor-widget-wrap elementor-element-populated\">\n\t\t\t\t\t\t<div class=\"elementor-element elementor-element-bfd18a6 elementor-widget elementor-widget-video\" data-id=\"bfd18a6\" data-element_type=\"widget\" data-settings=\"{&quot;youtube_url&quot;:&quot;https:\\\/\\\/www.youtube.com\\\/watch?v=NrFVAkJLz9M&quot;,&quot;video_type&quot;:&quot;youtube&quot;,&quot;controls&quot;:&quot;yes&quot;}\" data-widget_type=\"video.default\">\n\t\t\t\t<div class=\"elementor-widget-container\">\n\t\t\t\t\t\t\t<div class=\"elementor-wrapper elementor-open-inline\">\n\t\t\t<div class=\"elementor-video\"><\/div>\t\t<\/div>\n\t\t\t\t\t\t<\/div>\n\t\t\t\t<\/div>\n\t\t\t\t<div class=\"elementor-element elementor-element-c8f5989 elementor-view-stacked elementor-shape-square elementor-position-left elementor-vertical-align-middle elementor-mobile-position-top elementor-widget elementor-widget-icon-box\" data-id=\"c8f5989\" data-element_type=\"widget\" data-widget_type=\"icon-box.default\">\n\t\t\t\t<div class=\"elementor-widget-container\">\n\t\t\t\t\t\t\t<div class=\"elementor-icon-box-wrapper\">\n\n\t\t\t\t\t\t<div class=\"elementor-icon-box-icon\">\n\t\t\t\t<a href=\"https:\/\/selimkusmez.com\/ipek2024\/melisa-park-evleri.pdf\" class=\"elementor-icon\" tabindex=\"-1\" aria-label=\"Proje Katalo\u011fu\">\n\t\t\t\t<i aria-hidden=\"true\" class=\" cicon-download\"><\/i>\t\t\t\t<\/a>\n\t\t\t<\/div>\n\t\t\t\n\t\t\t\t\t\t<div class=\"elementor-icon-box-content\">\n\n\t\t\t\t\t\t\t\t\t<h3 class=\"elementor-icon-box-title\">\n\t\t\t\t\t\t<a href=\"https:\/\/selimkusmez.com\/ipek2024\/melisa-park-evleri.pdf\" >\n\t\t\t\t\t\t\tProje Katalo\u011fu\t\t\t\t\t\t<\/a>\n\t\t\t\t\t<\/h3>\n\t\t\t\t\n\t\t\t\t\n\t\t\t<\/div>\n\t\t\t\n\t\t<\/div>\n\t\t\t\t\t\t<\/div>\n\t\t\t\t<\/div>\n\t\t\t\t<div class=\"elementor-element elementor-element-32249f0 elementor-widget elementor-widget-heading\" data-id=\"32249f0\" data-element_type=\"widget\" data-widget_type=\"heading.default\">\n\t\t\t\t<div class=\"elementor-widget-container\">\n\t\t\t\t\t<h2 class=\"elementor-heading-title elementor-size-default\">Detaylar<\/h2>\t\t\t\t<\/div>\n\t\t\t\t<\/div>\n\t\t\t\t<div class=\"elementor-element elementor-element-63338e7 elementor-icon-list--layout-traditional elementor-list-item-link-full_width elementor-widget elementor-widget-icon-list\" data-id=\"63338e7\" data-element_type=\"widget\" data-widget_type=\"icon-list.default\">\n\t\t\t\t<div class=\"elementor-widget-container\">\n\t\t\t\t\t\t\t<ul class=\"elementor-icon-list-items\">\n\t\t\t\t\t\t\t<li class=\"elementor-icon-list-item\">\n\t\t\t\t\t\t\t\t\t\t\t<span class=\"elementor-icon-list-icon\">\n\t\t\t\t\t\t\t<i aria-hidden=\"true\" class=\" cicon-checked\"><\/i>\t\t\t\t\t\t<\/span>\n\t\t\t\t\t\t\t\t\t\t<span class=\"elementor-icon-list-text\">A\u00e7\u0131k Otopark<\/span>\n\t\t\t\t\t\t\t\t\t<\/li>\n\t\t\t\t\t\t\t\t<li class=\"elementor-icon-list-item\">\n\t\t\t\t\t\t\t\t\t\t\t<span class=\"elementor-icon-list-icon\">\n\t\t\t\t\t\t\t<i aria-hidden=\"true\" class=\" cicon-checked\"><\/i>\t\t\t\t\t\t<\/span>\n\t\t\t\t\t\t\t\t\t\t<span class=\"elementor-icon-list-text\">Y\u00fczme Havuzu<\/span>\n\t\t\t\t\t\t\t\t\t<\/li>\n\t\t\t\t\t\t\t\t<li class=\"elementor-icon-list-item\">\n\t\t\t\t\t\t\t\t\t\t\t<span class=\"elementor-icon-list-icon\">\n\t\t\t\t\t\t\t<i aria-hidden=\"true\" class=\" cicon-checked\"><\/i>\t\t\t\t\t\t<\/span>\n\t\t\t\t\t\t\t\t\t\t<span class=\"elementor-icon-list-text\">Fitness Salonu<\/span>\n\t\t\t\t\t\t\t\t\t<\/li>\n\t\t\t\t\t\t\t\t<li class=\"elementor-icon-list-item\">\n\t\t\t\t\t\t\t\t\t\t\t<span class=\"elementor-icon-list-icon\">\n\t\t\t\t\t\t\t<i aria-hidden=\"true\" class=\" cicon-checked\"><\/i>\t\t\t\t\t\t<\/span>\n\t\t\t\t\t\t\t\t\t\t<span class=\"elementor-icon-list-text\">Kafeterya<\/span>\n\t\t\t\t\t\t\t\t\t<\/li>\n\t\t\t\t\t\t\t\t<li class=\"elementor-icon-list-item\">\n\t\t\t\t\t\t\t\t\t\t\t<span class=\"elementor-icon-list-icon\">\n\t\t\t\t\t\t\t<i aria-hidden=\"true\" class=\" cicon-checked\"><\/i>\t\t\t\t\t\t<\/span>\n\t\t\t\t\t\t\t\t\t\t<span class=\"elementor-icon-list-text\">\u00c7ocuk Park\u0131<\/span>\n\t\t\t\t\t\t\t\t\t<\/li>\n\t\t\t\t\t\t<\/ul>\n\t\t\t\t\t\t<\/div>\n\t\t\t\t<\/div>\n\t\t\t\t\t<\/div>\n\t\t<\/div>\n\t\t\t\t<div class=\"elementor-column elementor-col-50 elementor-top-column elementor-element elementor-element-123ea89\" data-id=\"123ea89\" data-element_type=\"column\">\n\t\t\t<div class=\"elementor-widget-wrap elementor-element-populated\">\n\t\t\t\t\t\t<div class=\"elementor-element elementor-element-6cef601 elementor-widget elementor-widget-heading\" data-id=\"6cef601\" data-element_type=\"widget\" data-widget_type=\"heading.default\">\n\t\t\t\t<div class=\"elementor-widget-container\">\n\t\t\t\t\t<h2 class=\"elementor-heading-title elementor-size-default\">Melisa Park Evleri - KAYAPA<\/h2>\t\t\t\t<\/div>\n\t\t\t\t<\/div>\n\t\t\t\t<div class=\"elementor-element elementor-element-fc059c2 elementor-widget elementor-widget-gva-gallery\" data-id=\"fc059c2\" data-element_type=\"widget\" data-widget_type=\"gva-gallery.default\">\n\t\t\t\t<div class=\"elementor-widget-container\">\n\t\t\t\t\t<div class=\"gva-element-gva-gallery gva-element\">\r\n<div class=\"gva-gallery-carousel swiper-slider-wrapper style-2 \">\r\n\t<div class=\"swiper-content-inner\">\r\n   \t<div class=\"init-carousel-swiper swiper\" data-carousel=\"{&quot;items&quot;:1,&quot;items_lg&quot;:1,&quot;items_md&quot;:1,&quot;items_sm&quot;:1,&quot;items_xs&quot;:1,&quot;items_xx&quot;:1,&quot;effect&quot;:&quot;slide&quot;,&quot;space_between&quot;:30,&quot;loop&quot;:1,&quot;speed&quot;:600,&quot;autoplay&quot;:1,&quot;autoplay_delay&quot;:4500,&quot;autoplay_hover&quot;:1,&quot;navigation&quot;:1,&quot;pagination&quot;:0,&quot;dynamic_bullets&quot;:0,&quot;pagination_type&quot;:&quot;bullets&quot;}\">\r\n      \t<div class=\"swiper-wrapper\">\r\n\t\t\t\t<div class=\"swiper-slide item\"><div class=\"gallery-two__single\"><div class=\"gallery-two__image\"><img decoding=\"async\" src=\"https:\/\/selimkusmez.com\/ipek2024\/wp-content\/uploads\/2024\/06\/melisapark01-1.jpg\" alt=\"\" \/><\/div><a class=\"gallery-two__photo photo-gallery\" href=\"https:\/\/selimkusmez.com\/ipek2024\/wp-content\/uploads\/2024\/06\/melisapark01-1.jpg\" data-elementor-lightbox-slideshow=\"gallery-opal\"><i class=\"fas fa-expand\"><\/i><\/a><\/div><\/div><div class=\"swiper-slide item\"><div class=\"gallery-two__single\"><div class=\"gallery-two__image\"><img decoding=\"async\" src=\"https:\/\/selimkusmez.com\/ipek2024\/wp-content\/uploads\/2024\/06\/melisapark01-2.jpg\" alt=\"\" \/><\/div><a class=\"gallery-two__photo photo-gallery\" href=\"https:\/\/selimkusmez.com\/ipek2024\/wp-content\/uploads\/2024\/06\/melisapark01-2.jpg\" data-elementor-lightbox-slideshow=\"gallery-opal\"><i class=\"fas fa-expand\"><\/i><\/a><\/div><\/div><div class=\"swiper-slide item\"><div class=\"gallery-two__single\"><div class=\"gallery-two__image\"><img decoding=\"async\" src=\"https:\/\/selimkusmez.com\/ipek2024\/wp-content\/uploads\/2024\/06\/melisapark01-3.jpg\" alt=\"\" \/><\/div><a class=\"gallery-two__photo photo-gallery\" href=\"https:\/\/selimkusmez.com\/ipek2024\/wp-content\/uploads\/2024\/06\/melisapark01-3.jpg\" data-elementor-lightbox-slideshow=\"gallery-opal\"><i class=\"fas fa-expand\"><\/i><\/a><\/div><\/div><div class=\"swiper-slide item\"><div class=\"gallery-two__single\"><div class=\"gallery-two__image\"><img decoding=\"async\" src=\"https:\/\/selimkusmez.com\/ipek2024\/wp-content\/uploads\/2024\/06\/melisapark01-4.jpg\" alt=\"\" \/><\/div><a class=\"gallery-two__photo photo-gallery\" href=\"https:\/\/selimkusmez.com\/ipek2024\/wp-content\/uploads\/2024\/06\/melisapark01-4.jpg\" data-elementor-lightbox-slideshow=\"gallery-opal\"><i class=\"fas fa-expand\"><\/i><\/a><\/div><\/div><div class=\"swiper-slide item\"><div class=\"gallery-two__single\"><div class=\"gallery-two__image\"><img decoding=\"async\" src=\"https:\/\/selimkusmez.com\/ipek2024\/wp-content\/uploads\/2024\/06\/melisapark01-5.jpg\" alt=\"\" \/><\/div><a class=\"gallery-two__photo photo-gallery\" href=\"https:\/\/selimkusmez.com\/ipek2024\/wp-content\/uploads\/2024\/06\/melisapark01-5.jpg\" data-elementor-lightbox-slideshow=\"gallery-opal\"><i class=\"fas fa-expand\"><\/i><\/a><\/div><\/div><div class=\"swiper-slide item\"><div class=\"gallery-two__single\"><div class=\"gallery-two__image\"><img decoding=\"async\" src=\"https:\/\/selimkusmez.com\/ipek2024\/wp-content\/uploads\/2024\/06\/melisapark01-6.jpg\" alt=\"\" \/><\/div><a class=\"gallery-two__photo photo-gallery\" href=\"https:\/\/selimkusmez.com\/ipek2024\/wp-content\/uploads\/2024\/06\/melisapark01-6.jpg\" data-elementor-lightbox-slideshow=\"gallery-opal\"><i class=\"fas fa-expand\"><\/i><\/a><\/div><\/div><div class=\"swiper-slide item\"><div class=\"gallery-two__single\"><div class=\"gallery-two__image\"><img decoding=\"async\" src=\"https:\/\/selimkusmez.com\/ipek2024\/wp-content\/uploads\/2024\/06\/melisapark01-7.jpg\" alt=\"\" \/><\/div><a class=\"gallery-two__photo photo-gallery\" href=\"https:\/\/selimkusmez.com\/ipek2024\/wp-content\/uploads\/2024\/06\/melisapark01-7.jpg\" data-elementor-lightbox-slideshow=\"gallery-opal\"><i class=\"fas fa-expand\"><\/i><\/a><\/div><\/div><div class=\"swiper-slide item\"><div class=\"gallery-two__single\"><div class=\"gallery-two__image\"><img decoding=\"async\" src=\"https:\/\/selimkusmez.com\/ipek2024\/wp-content\/uploads\/2024\/06\/melisapark01-8.jpg\" alt=\"\" \/><\/div><a class=\"gallery-two__photo photo-gallery\" href=\"https:\/\/selimkusmez.com\/ipek2024\/wp-content\/uploads\/2024\/06\/melisapark01-8.jpg\" data-elementor-lightbox-slideshow=\"gallery-opal\"><i class=\"fas fa-expand\"><\/i><\/a><\/div><\/div><div class=\"swiper-slide item\"><div class=\"gallery-two__single\"><div class=\"gallery-two__image\"><img decoding=\"async\" src=\"https:\/\/selimkusmez.com\/ipek2024\/wp-content\/uploads\/2024\/06\/melisapark01-9.jpg\" alt=\"\" \/><\/div><a class=\"gallery-two__photo photo-gallery\" href=\"https:\/\/selimkusmez.com\/ipek2024\/wp-content\/uploads\/2024\/06\/melisapark01-9.jpg\" data-elementor-lightbox-slideshow=\"gallery-opal\"><i class=\"fas fa-expand\"><\/i><\/a><\/div><\/div><div class=\"swiper-slide item\"><div class=\"gallery-two__single\"><div class=\"gallery-two__image\"><img decoding=\"async\" src=\"https:\/\/selimkusmez.com\/ipek2024\/wp-content\/uploads\/2024\/06\/melisapark01-10.jpg\" alt=\"\" \/><\/div><a class=\"gallery-two__photo photo-gallery\" href=\"https:\/\/selimkusmez.com\/ipek2024\/wp-content\/uploads\/2024\/06\/melisapark01-10.jpg\" data-elementor-lightbox-slideshow=\"gallery-opal\"><i class=\"fas fa-expand\"><\/i><\/a><\/div><\/div><div class=\"swiper-slide item\"><div class=\"gallery-two__single\"><div class=\"gallery-two__image\"><img decoding=\"async\" src=\"https:\/\/selimkusmez.com\/ipek2024\/wp-content\/uploads\/2024\/06\/melisapark01-11.jpg\" alt=\"\" \/><\/div><a class=\"gallery-two__photo photo-gallery\" href=\"https:\/\/selimkusmez.com\/ipek2024\/wp-content\/uploads\/2024\/06\/melisapark01-11.jpg\" data-elementor-lightbox-slideshow=\"gallery-opal\"><i class=\"fas fa-expand\"><\/i><\/a><\/div><\/div><div class=\"swiper-slide item\"><div class=\"gallery-two__single\"><div class=\"gallery-two__image\"><img decoding=\"async\" src=\"https:\/\/selimkusmez.com\/ipek2024\/wp-content\/uploads\/2024\/06\/melisapark01-12.jpg\" alt=\"\" \/><\/div><a class=\"gallery-two__photo photo-gallery\" href=\"https:\/\/selimkusmez.com\/ipek2024\/wp-content\/uploads\/2024\/06\/melisapark01-12.jpg\" data-elementor-lightbox-slideshow=\"gallery-opal\"><i class=\"fas fa-expand\"><\/i><\/a><\/div><\/div>\t\t\t<\/div>\r\n\t\t<\/div>\r\n\t<\/div>\r\n\t<div class=\"swiper-pagination\"><\/div>   <div class=\"swiper-nav-next\"><\/div><div class=\"swiper-nav-prev\"><\/div><\/div>\r\n<\/div>\t\t\t\t<\/div>\n\t\t\t\t<\/div>\n\t\t\t\t<div class=\"elementor-element elementor-element-be18b0b elementor-widget elementor-widget-heading\" data-id=\"be18b0b\" data-element_type=\"widget\" data-widget_type=\"heading.default\">\n\t\t\t\t<div class=\"elementor-widget-container\">\n\t\t\t\t\t<h2 class=\"elementor-heading-title elementor-size-default\">Proje A\u00e7\u0131klamas\u0131<\/h2>\t\t\t\t<\/div>\n\t\t\t\t<\/div>\n\t\t\t\t<div class=\"elementor-element elementor-element-67b95cf elementor-widget elementor-widget-text-editor\" data-id=\"67b95cf\" data-element_type=\"widget\" data-widget_type=\"text-editor.default\">\n\t\t\t\t<div class=\"elementor-widget-container\">\n\t\t\t\t\t\t\t\t\t<p>Melisa Park Evleri &#8230;&#8230;&#8230;&#8230;.. m2 alan \u00fczerine projelendirilmi\u015f olup 6 bloktan olu\u015fmaktad\u0131r. Projemiz 62 daire ve 16 ma\u011faza olmak \u00fczere toplam 78 ba\u011f\u0131ms\u0131z b\u00f6l\u00fcmden olu\u015fmaktad\u0131r.<\/p>\t\t\t\t\t\t\t\t<\/div>\n\t\t\t\t<\/div>\n\t\t\t\t\t<\/div>\n\t\t<\/div>\n\t\t\t\t\t<\/div>\n\t\t<\/section>\n\t\t\t\t<section class=\"elementor-section elementor-top-section elementor-element elementor-element-8abfbe0 elementor-section-boxed elementor-section-height-default elementor-section-height-default\" data-id=\"8abfbe0\" data-element_type=\"section\">\n\t\t\t\t\t\t<div class=\"elementor-container elementor-column-gap-default\">\n\t\t\t\t\t<div class=\"elementor-column elementor-col-100 elementor-top-column elementor-element elementor-element-fb88584\" data-id=\"fb88584\" data-element_type=\"column\" data-settings=\"{&quot;background_background&quot;:&quot;classic&quot;}\">\n\t\t\t<div class=\"elementor-widget-wrap elementor-element-populated\">\n\t\t\t\t\t\t<div class=\"elementor-element elementor-element-1c9034d elementor-widget__width-auto elementor-widget elementor-widget-gva-icon-box-styles\" data-id=\"1c9034d\" data-element_type=\"widget\" data-widget_type=\"gva-icon-box-styles.default\">\n\t\t\t\t<div class=\"elementor-widget-container\">\n\t\t\t\t\t<div class=\"gva-element-gva-icon-box-styles gva-element\">\r\n   \r\n         <div class=\"icon-box-style-two__single \">\r\n         <div class=\"icon-box-style-two__wrap\">\r\n                           <div class=\"icon-box-style-two__icon\">\r\n                  <span class=\"icon-inner\">\r\n                     <i aria-hidden=\"true\" class=\" cicon-telephone-1\"><\/i> \r\n                  <\/span>\r\n               <\/div>\r\n            \r\n            <div class=\"icon-box-style-two__content\">\r\n               <h3 class=\"icon-box-style-two__title\">T\u00fcm Sorular\u0131n\u0131z \u0130\u00e7in Bize Ula\u015f\u0131n<\/h3><div class=\"icon-box-style-two__desc\">PZT-CTS 8:00-18:00\n<span>+90 224 451 60 04\n<\/span><\/div>            <\/div>\r\n         <\/div> \r\n               <\/div>   \r\n      <\/div>\t\t\t\t<\/div>\n\t\t\t\t<\/div>\n\t\t\t\t\t<\/div>\n\t\t<\/div>\n\t\t\t\t\t<\/div>\n\t\t<\/section>\n\t\t\t\t<section class=\"elementor-section elementor-top-section elementor-element elementor-element-e20a2da elementor-section-boxed elementor-section-height-default elementor-section-height-default\" data-id=\"e20a2da\" data-element_type=\"section\" data-settings=\"{&quot;background_background&quot;:&quot;classic&quot;}\">\n\t\t\t\t\t\t\t<div class=\"elementor-background-overlay\"><\/div>\n\t\t\t\t\t\t\t<div class=\"elementor-container elementor-column-gap-default\">\n\t\t\t\t\t<div class=\"elementor-column elementor-col-50 elementor-top-column elementor-element elementor-element-8b863cc\" data-id=\"8b863cc\" data-element_type=\"column\" data-settings=\"{&quot;background_background&quot;:&quot;classic&quot;}\">\n\t\t\t<div class=\"elementor-widget-wrap elementor-element-populated\">\n\t\t\t\t\t\t<div class=\"elementor-element elementor-element-c4be2f5 form-fullwidth elementor-widget elementor-widget-shortcode\" data-id=\"c4be2f5\" data-element_type=\"widget\" data-widget_type=\"shortcode.default\">\n\t\t\t\t<div class=\"elementor-widget-container\">\n\t\t\t\t\t\t\t<div class=\"elementor-shortcode\">\n<div class=\"wpcf7 no-js\" id=\"wpcf7-f465-o1\" lang=\"en-US\" dir=\"ltr\" data-wpcf7-id=\"465\">\n<div class=\"screen-reader-response\"><p role=\"status\" aria-live=\"polite\" aria-atomic=\"true\"><\/p> <ul><\/ul><\/div>\n<form action=\"\/ipek2024\/wp-json\/wp\/v2\/pages\/1351#wpcf7-f465-o1\" method=\"post\" class=\"wpcf7-form init\" aria-label=\"Contact form\" novalidate=\"novalidate\" data-status=\"init\">\n<div style=\"display: none;\">\n<input type=\"hidden\" name=\"_wpcf7\" value=\"465\" \/>\n<input type=\"hidden\" name=\"_wpcf7_version\" value=\"6.0.6\" \/>\n<input type=\"hidden\" name=\"_wpcf7_locale\" value=\"en_US\" \/>\n<input type=\"hidden\" name=\"_wpcf7_unit_tag\" value=\"wpcf7-f465-o1\" \/>\n<input type=\"hidden\" name=\"_wpcf7_container_post\" value=\"0\" \/>\n<input type=\"hidden\" name=\"_wpcf7_posted_data_hash\" value=\"\" \/>\n<\/div>\n<div class=\"your-name\">\n     <span class=\"wpcf7-form-control-wrap\" data-name=\"your-name\"><input size=\"40\" maxlength=\"400\" class=\"wpcf7-form-control wpcf7-text wpcf7-validates-as-required\" aria-required=\"true\" aria-invalid=\"false\" placeholder=\"\u0130sim Soyad\" value=\"\" type=\"text\" name=\"your-name\" \/><\/span>\n   <\/div>\n   <div class=\"your-phone\">\n     <span class=\"wpcf7-form-control-wrap\" data-name=\"your-phone\"><input size=\"40\" maxlength=\"400\" class=\"wpcf7-form-control wpcf7-text wpcf7-validates-as-required\" aria-required=\"true\" aria-invalid=\"false\" placeholder=\"E-mail Adresi\" value=\"\" type=\"text\" name=\"your-phone\" \/><\/span>\n   <\/div>\n   <div class=\"your-email\">\n      <span class=\"wpcf7-form-control-wrap\" data-name=\"your-email\"><input size=\"40\" maxlength=\"400\" class=\"wpcf7-form-control wpcf7-email wpcf7-validates-as-required wpcf7-text wpcf7-validates-as-email\" aria-required=\"true\" aria-invalid=\"false\" placeholder=\"Telefon Numaras\u0131\" value=\"\" type=\"email\" name=\"your-email\" \/><\/span>\n   <\/div>\n   <div class=\"your-message\">\n      <span class=\"wpcf7-form-control-wrap\" data-name=\"your-message\"><textarea cols=\"40\" rows=\"10\" maxlength=\"2000\" class=\"wpcf7-form-control wpcf7-textarea\" aria-invalid=\"false\" placeholder=\"Mesaj yaz...\" name=\"your-message\"><\/textarea><\/span>\n   <\/div>\n   <div class=\"form-action\"><span class=\"btn-outline-theme\"><input class=\"wpcf7-form-control wpcf7-submit has-spinner\" type=\"submit\" value=\"G\u00f6nder\" \/><\/span><\/div><div class=\"wpcf7-response-output\" aria-hidden=\"true\"><\/div>\n<\/form>\n<\/div>\n<\/div>\n\t\t\t\t\t\t<\/div>\n\t\t\t\t<\/div>\n\t\t\t\t\t<\/div>\n\t\t<\/div>\n\t\t\t\t<div class=\"elementor-column elementor-col-50 elementor-top-column elementor-element elementor-element-d2e93b3\" data-id=\"d2e93b3\" data-element_type=\"column\">\n\t\t\t<div class=\"elementor-widget-wrap elementor-element-populated\">\n\t\t\t\t\t\t<div class=\"elementor-element elementor-element-293ba27 elementor-widget elementor-widget-gva-heading-block\" data-id=\"293ba27\" data-element_type=\"widget\" data-settings=\"{&quot;_animation&quot;:&quot;none&quot;}\" data-widget_type=\"gva-heading-block.default\">\n\t\t\t\t<div class=\"elementor-widget-container\">\n\t\t\t\t\t<div class=\"gva-element-gva-heading-block gva-element\">   <div class=\"align-left style-1 widget gsc-heading box-align-left auto-responsive\">\r\n      <div class=\"content-inner\">\r\n         \r\n                  \r\n         <div class=\"sub-title\"><span class=\"tagline\">\u0130LET\u0130\u015e\u0130M FORMU<\/span><\/div>   \r\n         \r\n                     <h2 class=\"title\">\r\n               <span>Bize Ula\u015f\u0131n<\/span>\r\n            <\/h2>\r\n                  \r\n                     <div class=\"title-desc\">Projelerimiz hakk\u0131nda daha fazla bilgi almak, merak etti\u011finiz sorular\u0131 sormak veya size \u00f6zel \u00f6deme planlar\u0131m\u0131z\u0131 \u00f6\u011frenmek i\u00e7in bizimle ileti\u015fime ge\u00e7in. \u0130n\u015faat sekt\u00f6r\u00fcnde y\u0131llar\u0131n verdi\u011fi tecr\u00fcbeyle, her ad\u0131mda size rehberlik ederek, hayalinizdeki eve sahip olman\u0131z\u0131 sa\u011fl\u0131yoruz.\n<br><br>\n\u0130n\u015faat sekt\u00f6r\u00fcnde g\u00fcvenilirlik ve kaliteli hizmet sunmak bizim \u00f6nceli\u011fimizdir. Projelerimizin her a\u015famas\u0131nda, modern mimari ve ileri teknoloji kullanarak, sizlere konforlu ve g\u00fcvenli ya\u015fam alanlar\u0131 sunuyoruz. \u0130leti\u015fim formumuzu doldurarak, profesyonel ekibimizden en k\u0131sa s\u00fcrede d\u00f6n\u00fc\u015f alabilirsiniz.<\/div>\r\n         \r\n         \r\n      <\/div>\r\n   <\/div>\r\n<\/div>\t\t\t\t<\/div>\n\t\t\t\t<\/div>\n\t\t\t\t\t<\/div>\n\t\t<\/div>\n\t\t\t\t\t<\/div>\n\t\t<\/section>\n\t\t\t\t<\/div>\n\t\t","protected":false},"excerpt":{"rendered":"<p>Melisa Park Evleri Sat\u0131\u015f\u0131 Tamamlanan Proje Proje Katalo\u011fu Detaylar A\u00e7\u0131k Otopark Y\u00fczme Havuzu Fitness Salonu Kafeterya \u00c7ocuk Park\u0131 Melisa Park Evleri &#8211; KAYAPA Proje A\u00e7\u0131klamas\u0131 Melisa Park Evleri &#8230;&#8230;&#8230;&#8230;.. m2 [&hellip;]<\/p>\n","protected":false},"author":1,"featured_media":0,"parent":1055,"menu_order":0,"comment_status":"closed","ping_status":"closed","template":"","meta":{"footnotes":""},"class_list":["post-1351","page","type-page","status-publish","hentry"],"_links":{"self":[{"href":"https:\/\/selimkusmez.com\/ipek2024\/wp-json\/wp\/v2\/pages\/1351","targetHints":{"allow":["GET"]}}],"collection":[{"href":"https:\/\/selimkusmez.com\/ipek2024\/wp-json\/wp\/v2\/pages"}],"about":[{"href":"https:\/\/selimkusmez.com\/ipek2024\/wp-json\/wp\/v2\/types\/page"}],"author":[{"embeddable":true,"href":"https:\/\/selimkusmez.com\/ipek2024\/wp-json\/wp\/v2\/users\/1"}],"replies":[{"embeddable":true,"href":"https:\/\/selimkusmez.com\/ipek2024\/wp-json\/wp\/v2\/comments?post=1351"}],"version-history":[{"count":13,"href":"https:\/\/selimkusmez.com\/ipek2024\/wp-json\/wp\/v2\/pages\/1351\/revisions"}],"predecessor-version":[{"id":1683,"href":"https:\/\/selimkusmez.com\/ipek2024\/wp-json\/wp\/v2\/pages\/1351\/revisions\/1683"}],"up":[{"embeddable":true,"href":"https:\/\/selimkusmez.com\/ipek2024\/wp-json\/wp\/v2\/pages\/1055"}],"wp:attachment":[{"href":"https:\/\/selimkusmez.com\/ipek2024\/wp-json\/wp\/v2\/media?parent=1351"}],"curies":[{"name":"wp","href":"https:\/\/api.w.org\/{rel}","templated":true}]}}