{"id":1055,"date":"2024-06-21T18:14:57","date_gmt":"2024-06-21T15:14:57","guid":{"rendered":"https:\/\/selimkusmez.com\/ipek2024\/?page_id=1055"},"modified":"2024-07-25T18:18:33","modified_gmt":"2024-07-25T15:18:33","slug":"satisi-tamamlanan-projeler","status":"publish","type":"page","link":"https:\/\/selimkusmez.com\/ipek2024\/satisi-tamamlanan-projeler\/","title":{"rendered":"Sat\u0131\u015f\u0131 Tamamlanan Projeler"},"content":{"rendered":"\t\t<div data-elementor-type=\"wp-page\" data-elementor-id=\"1055\" class=\"elementor elementor-1055\">\n\t\t\t\t\t\t<section class=\"elementor-section elementor-top-section elementor-element elementor-element-67152ff elementor-section-boxed elementor-section-height-default elementor-section-height-default\" data-id=\"67152ff\" data-element_type=\"section\" data-settings=\"{&quot;background_background&quot;:&quot;slideshow&quot;,&quot;background_slideshow_gallery&quot;:[{&quot;id&quot;:178,&quot;url&quot;:&quot;https:\\\/\\\/selimkusmez.com\\\/ipek2024\\\/wp-content\\\/uploads\\\/2023\\\/01\\\/breadcrumb-02.jpg&quot;},{&quot;id&quot;:177,&quot;url&quot;:&quot;https:\\\/\\\/selimkusmez.com\\\/ipek2024\\\/wp-content\\\/uploads\\\/2023\\\/01\\\/breadcrumb-01.jpg&quot;}],&quot;background_slideshow_ken_burns&quot;:&quot;yes&quot;,&quot;background_slideshow_loop&quot;:&quot;yes&quot;,&quot;background_slideshow_slide_duration&quot;:5000,&quot;background_slideshow_slide_transition&quot;:&quot;fade&quot;,&quot;background_slideshow_transition_duration&quot;:500,&quot;background_slideshow_ken_burns_zoom_direction&quot;:&quot;in&quot;}\">\n\t\t\t\t\t\t\t<div class=\"elementor-background-overlay\"><\/div>\n\t\t\t\t\t\t\t<div class=\"elementor-container elementor-column-gap-default\">\n\t\t\t\t\t<div class=\"elementor-column elementor-col-100 elementor-top-column elementor-element elementor-element-108d99c\" data-id=\"108d99c\" data-element_type=\"column\">\n\t\t\t<div class=\"elementor-widget-wrap elementor-element-populated\">\n\t\t\t\t\t\t<div class=\"elementor-element elementor-element-07bec2e elementor-widget elementor-widget-gva-heading-block\" data-id=\"07bec2e\" data-element_type=\"widget\" data-widget_type=\"gva-heading-block.default\">\n\t\t\t\t<div class=\"elementor-widget-container\">\n\t\t\t\t\t<div class=\"gva-element-gva-heading-block gva-element\">   <div class=\"align-left style-1 widget gsc-heading box-align-left auto-responsive\">\r\n      <div class=\"content-inner\">\r\n         \r\n                  \r\n            \r\n         \r\n                     <h2 class=\"title\">\r\n               <span>Sat\u0131\u015f\u0131 Tamamlanan Projeler<\/span>\r\n            <\/h2>\r\n                  \r\n         \r\n         \r\n      <\/div>\r\n   <\/div>\r\n<\/div>\t\t\t\t<\/div>\n\t\t\t\t<\/div>\n\t\t\t\t\t<\/div>\n\t\t<\/div>\n\t\t\t\t\t<\/div>\n\t\t<\/section>\n\t\t\t\t<section class=\"elementor-section elementor-top-section elementor-element elementor-element-3f2135f elementor-section-full_width elementor-section-height-default elementor-section-height-default\" data-id=\"3f2135f\" data-element_type=\"section\">\n\t\t\t\t\t\t<div class=\"elementor-container elementor-column-gap-default\">\n\t\t\t\t\t<div class=\"elementor-column elementor-col-33 elementor-top-column elementor-element elementor-element-8b8cbd3\" data-id=\"8b8cbd3\" data-element_type=\"column\">\n\t\t\t<div class=\"elementor-widget-wrap elementor-element-populated\">\n\t\t\t\t\t\t<div class=\"elementor-element elementor-element-3964af1 elementor-widget elementor-widget-shortcode\" data-id=\"3964af1\" data-element_type=\"widget\" data-widget_type=\"shortcode.default\">\n\t\t\t\t<div class=\"elementor-widget-container\">\n\t\t\t\t\t\t\t<div class=\"elementor-shortcode\"><a href=\"https:\/\/selimkusmez.com\/ipek2024\/satisi-tamamlanan-projeler\/camlik-park-evleri\/\" target=\"_self\"><img decoding=\"async\" src=\"https:\/\/selimkusmez.com\/ipek2024\/wp-content\/uploads\/2024\/07\/CAMLIK-LOGO.jpg\" alt=\"\" onmouseover=\"this.src='https:\/\/selimkusmez.com\/ipek2024\/wp-content\/uploads\/2024\/07\/camlikpark-kayapa01.jpg';\" onmouseout=\"this.src='https:\/\/selimkusmez.com\/ipek2024\/wp-content\/uploads\/2024\/07\/CAMLIK-LOGO.jpg';\" \/><\/a>\n<\/div>\n\t\t\t\t\t\t<\/div>\n\t\t\t\t<\/div>\n\t\t\t\t\t<\/div>\n\t\t<\/div>\n\t\t\t\t<div class=\"elementor-column elementor-col-33 elementor-top-column elementor-element elementor-element-a3ddb42\" data-id=\"a3ddb42\" data-element_type=\"column\">\n\t\t\t<div class=\"elementor-widget-wrap elementor-element-populated\">\n\t\t\t\t\t\t<div class=\"elementor-element elementor-element-206af17 elementor-widget elementor-widget-shortcode\" data-id=\"206af17\" data-element_type=\"widget\" data-widget_type=\"shortcode.default\">\n\t\t\t\t<div class=\"elementor-widget-container\">\n\t\t\t\t\t\t\t<div class=\"elementor-shortcode\"><a href=\"https:\/\/selimkusmez.com\/ipek2024\/satisi-tamamlanan-projeler\/fomara-park-evleri\/\" target=\"_self\"><img decoding=\"async\" src=\"https:\/\/selimkusmez.com\/ipek2024\/wp-content\/uploads\/2024\/07\/FOMARA-LOGO.jpg\" alt=\"\" onmouseover=\"this.src='https:\/\/selimkusmez.com\/ipek2024\/wp-content\/uploads\/2024\/07\/fomarapark-balat01.jpg';\" onmouseout=\"this.src='https:\/\/selimkusmez.com\/ipek2024\/wp-content\/uploads\/2024\/07\/FOMARA-LOGO.jpg';\" \/><\/a>\n<\/div>\n\t\t\t\t\t\t<\/div>\n\t\t\t\t<\/div>\n\t\t\t\t\t<\/div>\n\t\t<\/div>\n\t\t\t\t<div class=\"elementor-column elementor-col-33 elementor-top-column elementor-element elementor-element-7abca3f\" data-id=\"7abca3f\" data-element_type=\"column\">\n\t\t\t<div class=\"elementor-widget-wrap elementor-element-populated\">\n\t\t\t\t\t\t<div class=\"elementor-element elementor-element-ffddd74 elementor-widget elementor-widget-shortcode\" data-id=\"ffddd74\" data-element_type=\"widget\" data-widget_type=\"shortcode.default\">\n\t\t\t\t<div class=\"elementor-widget-container\">\n\t\t\t\t\t\t\t<div class=\"elementor-shortcode\"><a href=\"https:\/\/selimkusmez.com\/ipek2024\/satisi-tamamlanan-projeler\/vadi-park-evleri\/\" target=\"_self\"><img decoding=\"async\" src=\"https:\/\/selimkusmez.com\/ipek2024\/wp-content\/uploads\/2024\/07\/VADIPARK-LOGO.jpg\" alt=\"\" onmouseover=\"this.src='https:\/\/selimkusmez.com\/ipek2024\/wp-content\/uploads\/2024\/07\/vadipark-gorukle01.jpg';\" onmouseout=\"this.src='https:\/\/selimkusmez.com\/ipek2024\/wp-content\/uploads\/2024\/07\/VADIPARK-LOGO.jpg';\" \/><\/a>\n<\/div>\n\t\t\t\t\t\t<\/div>\n\t\t\t\t<\/div>\n\t\t\t\t\t<\/div>\n\t\t<\/div>\n\t\t\t\t\t<\/div>\n\t\t<\/section>\n\t\t\t\t<section class=\"elementor-section elementor-top-section elementor-element elementor-element-e6e9d3e elementor-section-full_width elementor-section-height-default elementor-section-height-default\" data-id=\"e6e9d3e\" data-element_type=\"section\">\n\t\t\t\t\t\t<div class=\"elementor-container elementor-column-gap-default\">\n\t\t\t\t\t<div class=\"elementor-column elementor-col-33 elementor-top-column elementor-element elementor-element-7ab1871\" data-id=\"7ab1871\" data-element_type=\"column\">\n\t\t\t<div class=\"elementor-widget-wrap elementor-element-populated\">\n\t\t\t\t\t\t<div class=\"elementor-element elementor-element-57ddc19 elementor-widget elementor-widget-shortcode\" data-id=\"57ddc19\" data-element_type=\"widget\" data-widget_type=\"shortcode.default\">\n\t\t\t\t<div class=\"elementor-widget-container\">\n\t\t\t\t\t\t\t<div class=\"elementor-shortcode\"><a href=\"https:\/\/selimkusmez.com\/ipek2024\/satisi-tamamlanan-projeler\/cicek-park-evleri\/\" target=\"_self\"><img decoding=\"async\" src=\"https:\/\/selimkusmez.com\/ipek2024\/wp-content\/uploads\/2024\/07\/CICEK-PARK-LOGO.jpg\" alt=\"\" onmouseover=\"this.src='https:\/\/selimkusmez.com\/ipek2024\/wp-content\/uploads\/2024\/07\/cicekpark-kayapa01.jpg';\" onmouseout=\"this.src='https:\/\/selimkusmez.com\/ipek2024\/wp-content\/uploads\/2024\/07\/CICEK-PARK-LOGO.jpg';\" \/><\/a>\n<\/div>\n\t\t\t\t\t\t<\/div>\n\t\t\t\t<\/div>\n\t\t\t\t\t<\/div>\n\t\t<\/div>\n\t\t\t\t<div class=\"elementor-column elementor-col-33 elementor-top-column elementor-element elementor-element-db554be\" data-id=\"db554be\" data-element_type=\"column\">\n\t\t\t<div class=\"elementor-widget-wrap elementor-element-populated\">\n\t\t\t\t\t\t<div class=\"elementor-element elementor-element-4708679 elementor-widget elementor-widget-shortcode\" data-id=\"4708679\" data-element_type=\"widget\" data-widget_type=\"shortcode.default\">\n\t\t\t\t<div class=\"elementor-widget-container\">\n\t\t\t\t\t\t\t<div class=\"elementor-shortcode\"><a href=\"https:\/\/selimkusmez.com\/ipek2024\/satisi-tamamlanan-projeler\/ipekogullari-is-merkezi\/\" target=\"_self\"><img decoding=\"async\" src=\"https:\/\/selimkusmez.com\/ipek2024\/wp-content\/uploads\/2024\/07\/IPEKOGULLARI-LOGO.jpg\" alt=\"\" onmouseover=\"this.src='https:\/\/selimkusmez.com\/ipek2024\/wp-content\/uploads\/2024\/07\/ipekogullariismerkezi-panayir01.jpg';\" onmouseout=\"this.src='https:\/\/selimkusmez.com\/ipek2024\/wp-content\/uploads\/2024\/07\/IPEKOGULLARI-LOGO.jpg';\" \/><\/a>\n<\/div>\n\t\t\t\t\t\t<\/div>\n\t\t\t\t<\/div>\n\t\t\t\t\t<\/div>\n\t\t<\/div>\n\t\t\t\t<div class=\"elementor-column elementor-col-33 elementor-top-column elementor-element elementor-element-6de28fe\" data-id=\"6de28fe\" data-element_type=\"column\">\n\t\t\t<div class=\"elementor-widget-wrap elementor-element-populated\">\n\t\t\t\t\t\t<div class=\"elementor-element elementor-element-0a2f2c4 elementor-widget elementor-widget-shortcode\" data-id=\"0a2f2c4\" data-element_type=\"widget\" data-widget_type=\"shortcode.default\">\n\t\t\t\t<div class=\"elementor-widget-container\">\n\t\t\t\t\t\t\t<div class=\"elementor-shortcode\"><a href=\"https:\/\/selimkusmez.com\/ipek2024\/satisi-tamamlanan-projeler\/besevler-is-merkezi\/\" target=\"_self\"><img decoding=\"async\" src=\"https:\/\/selimkusmez.com\/ipek2024\/wp-content\/uploads\/2024\/07\/BESEVLER-LOGO.jpg\" alt=\"\" onmouseover=\"this.src='https:\/\/selimkusmez.com\/ipek2024\/wp-content\/uploads\/2024\/07\/besevlerismerkezi-nilufer01.jpg';\" onmouseout=\"this.src='https:\/\/selimkusmez.com\/ipek2024\/wp-content\/uploads\/2024\/07\/BESEVLER-LOGO.jpg';\" \/><\/a>\n<\/div>\n\t\t\t\t\t\t<\/div>\n\t\t\t\t<\/div>\n\t\t\t\t\t<\/div>\n\t\t<\/div>\n\t\t\t\t\t<\/div>\n\t\t<\/section>\n\t\t\t\t<section class=\"elementor-section elementor-top-section elementor-element elementor-element-485481b elementor-section-full_width elementor-section-height-default elementor-section-height-default\" data-id=\"485481b\" data-element_type=\"section\">\n\t\t\t\t\t\t<div class=\"elementor-container elementor-column-gap-default\">\n\t\t\t\t\t<div class=\"elementor-column elementor-col-33 elementor-top-column elementor-element elementor-element-29d948f\" data-id=\"29d948f\" data-element_type=\"column\">\n\t\t\t<div class=\"elementor-widget-wrap elementor-element-populated\">\n\t\t\t\t\t\t<div class=\"elementor-element elementor-element-bcb4a5b elementor-widget elementor-widget-shortcode\" data-id=\"bcb4a5b\" data-element_type=\"widget\" data-widget_type=\"shortcode.default\">\n\t\t\t\t<div class=\"elementor-widget-container\">\n\t\t\t\t\t\t\t<div class=\"elementor-shortcode\"><a href=\"https:\/\/selimkusmez.com\/ipek2024\/satisi-tamamlanan-projeler\/ipek-park-evleri\/\" target=\"_self\"><img decoding=\"async\" src=\"https:\/\/selimkusmez.com\/ipek2024\/wp-content\/uploads\/2024\/07\/IPEK-LOGO.jpg\" alt=\"\" onmouseover=\"this.src='https:\/\/selimkusmez.com\/ipek2024\/wp-content\/uploads\/2024\/07\/ipekparkevleri-kayapa01.jpg';\" onmouseout=\"this.src='https:\/\/selimkusmez.com\/ipek2024\/wp-content\/uploads\/2024\/07\/IPEK-LOGO.jpg';\" \/><\/a>\n<\/div>\n\t\t\t\t\t\t<\/div>\n\t\t\t\t<\/div>\n\t\t\t\t\t<\/div>\n\t\t<\/div>\n\t\t\t\t<div class=\"elementor-column elementor-col-33 elementor-top-column elementor-element elementor-element-4c0031b\" data-id=\"4c0031b\" data-element_type=\"column\">\n\t\t\t<div class=\"elementor-widget-wrap elementor-element-populated\">\n\t\t\t\t\t\t<div class=\"elementor-element elementor-element-decd705 elementor-widget elementor-widget-shortcode\" data-id=\"decd705\" data-element_type=\"widget\" data-widget_type=\"shortcode.default\">\n\t\t\t\t<div class=\"elementor-widget-container\">\n\t\t\t\t\t\t\t<div class=\"elementor-shortcode\"><a href=\"https:\/\/selimkusmez.com\/ipek2024\/satisi-tamamlanan-projeler\/melisa-park-evleri\/\" target=\"_self\"><img decoding=\"async\" src=\"https:\/\/selimkusmez.com\/ipek2024\/wp-content\/uploads\/2024\/07\/MELISA-LOGO.jpg\" alt=\"\" onmouseover=\"this.src='https:\/\/selimkusmez.com\/ipek2024\/wp-content\/uploads\/2024\/07\/melisapark-kayapa01.jpg';\" onmouseout=\"this.src='https:\/\/selimkusmez.com\/ipek2024\/wp-content\/uploads\/2024\/07\/MELISA-LOGO.jpg';\" \/><\/a>\n<\/div>\n\t\t\t\t\t\t<\/div>\n\t\t\t\t<\/div>\n\t\t\t\t\t<\/div>\n\t\t<\/div>\n\t\t\t\t<div class=\"elementor-column elementor-col-33 elementor-top-column elementor-element elementor-element-1053430\" data-id=\"1053430\" data-element_type=\"column\">\n\t\t\t<div class=\"elementor-widget-wrap elementor-element-populated\">\n\t\t\t\t\t\t<div class=\"elementor-element elementor-element-7a1c6f6 elementor-widget elementor-widget-shortcode\" data-id=\"7a1c6f6\" data-element_type=\"widget\" data-widget_type=\"shortcode.default\">\n\t\t\t\t<div class=\"elementor-widget-container\">\n\t\t\t\t\t\t\t<div class=\"elementor-shortcode\"><a href=\"#\" target=\"_self\"><img decoding=\"async\" src=\"https:\/\/selimkusmez.com\/ipek2024\/wp-content\/uploads\/2024\/07\/ELIT-YASAM-LOGO.jpg\" alt=\"\" onmouseover=\"this.src='https:\/\/selimkusmez.com\/ipek2024\/wp-content\/uploads\/2024\/07\/ELIT-YASAM-LOGO.jpg';\" onmouseout=\"this.src='https:\/\/selimkusmez.com\/ipek2024\/wp-content\/uploads\/2024\/07\/ELIT-YASAM-LOGO.jpg';\" \/><\/a>\n<\/div>\n\t\t\t\t\t\t<\/div>\n\t\t\t\t<\/div>\n\t\t\t\t\t<\/div>\n\t\t<\/div>\n\t\t\t\t\t<\/div>\n\t\t<\/section>\n\t\t\t\t<section class=\"elementor-section elementor-top-section elementor-element elementor-element-52dd98e elementor-section-full_width elementor-section-height-default elementor-section-height-default\" data-id=\"52dd98e\" data-element_type=\"section\">\n\t\t\t\t\t\t<div class=\"elementor-container elementor-column-gap-default\">\n\t\t\t\t\t<div class=\"elementor-column elementor-col-33 elementor-top-column elementor-element elementor-element-a19dfdb\" data-id=\"a19dfdb\" data-element_type=\"column\">\n\t\t\t<div class=\"elementor-widget-wrap elementor-element-populated\">\n\t\t\t\t\t\t<div class=\"elementor-element elementor-element-6e71a93 elementor-widget elementor-widget-shortcode\" data-id=\"6e71a93\" data-element_type=\"widget\" data-widget_type=\"shortcode.default\">\n\t\t\t\t<div class=\"elementor-widget-container\">\n\t\t\t\t\t\t\t<div class=\"elementor-shortcode\"><a href=\"#\" target=\"_self\"><img decoding=\"async\" src=\"https:\/\/selimkusmez.com\/ipek2024\/wp-content\/uploads\/2024\/07\/BALAT-YASAM-LOGO.jpg\" alt=\"\" onmouseover=\"this.src='https:\/\/selimkusmez.com\/ipek2024\/wp-content\/uploads\/2024\/07\/BALAT-YASAM-LOGO.jpg';\" onmouseout=\"this.src='https:\/\/selimkusmez.com\/ipek2024\/wp-content\/uploads\/2024\/07\/BALAT-YASAM-LOGO.jpg';\" \/><\/a>\n<\/div>\n\t\t\t\t\t\t<\/div>\n\t\t\t\t<\/div>\n\t\t\t\t\t<\/div>\n\t\t<\/div>\n\t\t\t\t<div class=\"elementor-column elementor-col-33 elementor-top-column elementor-element elementor-element-6bc36b4\" data-id=\"6bc36b4\" data-element_type=\"column\">\n\t\t\t<div class=\"elementor-widget-wrap elementor-element-populated\">\n\t\t\t\t\t\t<div class=\"elementor-element elementor-element-3a5bac7 elementor-widget elementor-widget-shortcode\" data-id=\"3a5bac7\" data-element_type=\"widget\" data-widget_type=\"shortcode.default\">\n\t\t\t\t<div class=\"elementor-widget-container\">\n\t\t\t\t\t\t\t<div class=\"elementor-shortcode\"><a href=\"#\" target=\"_self\"><img decoding=\"async\" src=\"https:\/\/selimkusmez.com\/ipek2024\/wp-content\/uploads\/2024\/07\/ALIBEYKAYA-EVLERI.jpg\" alt=\"\" onmouseover=\"this.src='https:\/\/selimkusmez.com\/ipek2024\/wp-content\/uploads\/2024\/07\/ALIBEYKAYA-EVLERI.jpg';\" onmouseout=\"this.src='https:\/\/selimkusmez.com\/ipek2024\/wp-content\/uploads\/2024\/07\/ALIBEYKAYA-EVLERI.jpg';\" \/><\/a>\n<\/div>\n\t\t\t\t\t\t<\/div>\n\t\t\t\t<\/div>\n\t\t\t\t\t<\/div>\n\t\t<\/div>\n\t\t\t\t<div class=\"elementor-column elementor-col-33 elementor-top-column elementor-element elementor-element-b2e553c\" data-id=\"b2e553c\" data-element_type=\"column\">\n\t\t\t<div class=\"elementor-widget-wrap elementor-element-populated\">\n\t\t\t\t\t\t<div class=\"elementor-element elementor-element-76e173f elementor-widget elementor-widget-shortcode\" data-id=\"76e173f\" data-element_type=\"widget\" data-widget_type=\"shortcode.default\">\n\t\t\t\t<div class=\"elementor-widget-container\">\n\t\t\t\t\t\t\t<div class=\"elementor-shortcode\"><a href=\"#\" target=\"_self\"><img decoding=\"async\" src=\"https:\/\/selimkusmez.com\/ipek2024\/wp-content\/uploads\/2024\/07\/UNAL-LOGO.jpg\" alt=\"\" onmouseover=\"this.src='https:\/\/selimkusmez.com\/ipek2024\/wp-content\/uploads\/2024\/07\/UNAL-LOGO.jpg';\" onmouseout=\"this.src='https:\/\/selimkusmez.com\/ipek2024\/wp-content\/uploads\/2024\/07\/UNAL-LOGO.jpg';\" \/><\/a>\n<\/div>\n\t\t\t\t\t\t<\/div>\n\t\t\t\t<\/div>\n\t\t\t\t\t<\/div>\n\t\t<\/div>\n\t\t\t\t\t<\/div>\n\t\t<\/section>\n\t\t\t\t<section class=\"elementor-section elementor-top-section elementor-element elementor-element-0f12705 elementor-section-full_width elementor-section-height-default elementor-section-height-default\" data-id=\"0f12705\" data-element_type=\"section\">\n\t\t\t\t\t\t<div class=\"elementor-container elementor-column-gap-default\">\n\t\t\t\t\t<div class=\"elementor-column elementor-col-33 elementor-top-column elementor-element elementor-element-081fe2a\" data-id=\"081fe2a\" data-element_type=\"column\">\n\t\t\t<div class=\"elementor-widget-wrap elementor-element-populated\">\n\t\t\t\t\t\t<div class=\"elementor-element elementor-element-692eded elementor-widget elementor-widget-shortcode\" data-id=\"692eded\" data-element_type=\"widget\" data-widget_type=\"shortcode.default\">\n\t\t\t\t<div class=\"elementor-widget-container\">\n\t\t\t\t\t\t\t<div class=\"elementor-shortcode\"><a href=\"#\" target=\"_self\"><img decoding=\"async\" src=\"https:\/\/selimkusmez.com\/ipek2024\/wp-content\/uploads\/2024\/07\/PINAR-LOGO.jpg\" alt=\"\" onmouseover=\"this.src='https:\/\/selimkusmez.com\/ipek2024\/wp-content\/uploads\/2024\/07\/PINAR-LOGO.jpg';\" onmouseout=\"this.src='https:\/\/selimkusmez.com\/ipek2024\/wp-content\/uploads\/2024\/07\/PINAR-LOGO.jpg';\" \/><\/a>\n<\/div>\n\t\t\t\t\t\t<\/div>\n\t\t\t\t<\/div>\n\t\t\t\t\t<\/div>\n\t\t<\/div>\n\t\t\t\t<div class=\"elementor-column elementor-col-33 elementor-top-column elementor-element elementor-element-1b8d08f\" data-id=\"1b8d08f\" data-element_type=\"column\">\n\t\t\t<div class=\"elementor-widget-wrap\">\n\t\t\t\t\t\t\t<\/div>\n\t\t<\/div>\n\t\t\t\t<div class=\"elementor-column elementor-col-33 elementor-top-column elementor-element elementor-element-f6b15d7\" data-id=\"f6b15d7\" data-element_type=\"column\">\n\t\t\t<div class=\"elementor-widget-wrap\">\n\t\t\t\t\t\t\t<\/div>\n\t\t<\/div>\n\t\t\t\t\t<\/div>\n\t\t<\/section>\n\t\t\t\t<\/div>\n\t\t","protected":false},"excerpt":{"rendered":"<p>Sat\u0131\u015f\u0131 Tamamlanan Projeler<\/p>\n","protected":false},"author":1,"featured_media":0,"parent":0,"menu_order":0,"comment_status":"closed","ping_status":"closed","template":"","meta":{"footnotes":""},"class_list":["post-1055","page","type-page","status-publish","hentry"],"_links":{"self":[{"href":"https:\/\/selimkusmez.com\/ipek2024\/wp-json\/wp\/v2\/pages\/1055","targetHints":{"allow":["GET"]}}],"collection":[{"href":"https:\/\/selimkusmez.com\/ipek2024\/wp-json\/wp\/v2\/pages"}],"about":[{"href":"https:\/\/selimkusmez.com\/ipek2024\/wp-json\/wp\/v2\/types\/page"}],"author":[{"embeddable":true,"href":"https:\/\/selimkusmez.com\/ipek2024\/wp-json\/wp\/v2\/users\/1"}],"replies":[{"embeddable":true,"href":"https:\/\/selimkusmez.com\/ipek2024\/wp-json\/wp\/v2\/comments?post=1055"}],"version-history":[{"count":40,"href":"https:\/\/selimkusmez.com\/ipek2024\/wp-json\/wp\/v2\/pages\/1055\/revisions"}],"predecessor-version":[{"id":1662,"href":"https:\/\/selimkusmez.com\/ipek2024\/wp-json\/wp\/v2\/pages\/1055\/revisions\/1662"}],"wp:attachment":[{"href":"https:\/\/selimkusmez.com\/ipek2024\/wp-json\/wp\/v2\/media?parent=1055"}],"curies":[{"name":"wp","href":"https:\/\/api.w.org\/{rel}","templated":true}]}}